{"id":640,"date":"2024-09-04T15:46:28","date_gmt":"2024-09-04T13:46:28","guid":{"rendered":"https:\/\/www.les-archanges.fr\/?page_id=640"},"modified":"2024-09-13T15:43:26","modified_gmt":"2024-09-13T13:43:26","slug":"partenaires","status":"publish","type":"page","link":"https:\/\/www.les-archanges.fr\/index.php\/partenaires\/","title":{"rendered":"Partenaires"},"content":{"rendered":"\t\t<div data-elementor-type=\"wp-page\" data-elementor-id=\"640\" class=\"elementor elementor-640\">\n\t\t\t\t\t\t<section class=\"elementor-section elementor-top-section elementor-element elementor-element-69c55ea elementor-section-boxed elementor-section-height-default elementor-section-height-default\" data-id=\"69c55ea\" data-element_type=\"section\" data-e-type=\"section\">\n\t\t\t\t\t\t<div class=\"elementor-container elementor-column-gap-default\">\n\t\t\t\t\t<div class=\"elementor-column elementor-col-100 elementor-top-column elementor-element elementor-element-3e99bee\" data-id=\"3e99bee\" data-element_type=\"column\" data-e-type=\"column\">\n\t\t\t<div class=\"elementor-widget-wrap elementor-element-populated\">\n\t\t\t\t\t\t<div class=\"elementor-element elementor-element-557ea8d elementor-widget elementor-widget-heading\" data-id=\"557ea8d\" data-element_type=\"widget\" data-e-type=\"widget\" data-widget_type=\"heading.default\">\n\t\t\t\t<div class=\"elementor-widget-container\">\n\t\t\t\t\t<h2 class=\"elementor-heading-title elementor-size-default\">PARTENAIRES<\/h2>\t\t\t\t<\/div>\n\t\t\t\t<\/div>\n\t\t\t\t\t<\/div>\n\t\t<\/div>\n\t\t\t\t\t<\/div>\n\t\t<\/section>\n\t\t\t\t<section class=\"elementor-section elementor-top-section elementor-element elementor-element-0ffc9e4 elementor-section-boxed elementor-section-height-default elementor-section-height-default\" data-id=\"0ffc9e4\" data-element_type=\"section\" data-e-type=\"section\">\n\t\t\t\t\t\t<div class=\"elementor-container elementor-column-gap-default\">\n\t\t\t\t\t<div class=\"elementor-column elementor-col-100 elementor-top-column elementor-element elementor-element-eea2d16\" data-id=\"eea2d16\" data-element_type=\"column\" data-e-type=\"column\">\n\t\t\t<div class=\"elementor-widget-wrap elementor-element-populated\">\n\t\t\t\t\t\t<div class=\"elementor-element elementor-element-7941b6a elementor-widget elementor-widget-text-editor\" data-id=\"7941b6a\" data-element_type=\"widget\" data-e-type=\"widget\" data-widget_type=\"text-editor.default\">\n\t\t\t\t<div class=\"elementor-widget-container\">\n\t\t\t\t\t\t\t\t\t<p><strong>Partenaires, Rejoignez l\u2019Aventure des Archanges !<\/strong><\/p><p>Devenez partenaire des <strong>Archanges de Molsheim<\/strong> et participez activement \u00e0 notre succ\u00e8s ! En soutenant notre club de football am\u00e9ricain, vous contribuerez \u00e0 la croissance de notre \u00e9quipe, \u00e0 l\u2019\u00e9panouissement de nos jeunes joueurs et \u00e0 la promotion du sport dans notre communaut\u00e9.<\/p><p>En tant que partenaire, vous b\u00e9n\u00e9ficierez de :<\/p><ul><li><strong>Visibilit\u00e9<\/strong> : Votre logo sur nos supports de communication et lors des \u00e9v\u00e9nements du club et sur nos r\u00e9seaux sociaux \/ site internet.<\/li><li><strong>Engagement communautaire<\/strong> : Associez votre entreprise \u00e0 un club dynamique et impliqu\u00e9 localement.<\/li><li><strong>Opportunit\u00e9s de collaboration<\/strong> : Participez \u00e0 des \u00e9v\u00e9nements et des initiatives en partenariat avec les Archanges.<\/li><\/ul><p>Votre soutien financier nous permettra de continuer \u00e0 offrir des formations de qualit\u00e9, \u00e0 d\u00e9velopper nos infrastructures et \u00e0 promouvoir les valeurs du sport aupr\u00e8s de nos jeunes.<\/p><p>Ensemble, faisons briller les Archanges . Contactez nous pour discuter des diff\u00e9rentes options de partenariat et des avantages qui vous attendent !<\/p>\t\t\t\t\t\t\t\t<\/div>\n\t\t\t\t<\/div>\n\t\t\t\t\t<\/div>\n\t\t<\/div>\n\t\t\t\t\t<\/div>\n\t\t<\/section>\n\t\t\t\t<section class=\"elementor-section elementor-top-section elementor-element elementor-element-3121443 elementor-section-boxed elementor-section-height-default elementor-section-height-default\" data-id=\"3121443\" data-element_type=\"section\" data-e-type=\"section\">\n\t\t\t\t\t\t<div class=\"elementor-container elementor-column-gap-default\">\n\t\t\t\t\t<div class=\"elementor-column elementor-col-100 elementor-top-column elementor-element elementor-element-679b5b3\" data-id=\"679b5b3\" data-element_type=\"column\" data-e-type=\"column\">\n\t\t\t<div class=\"elementor-widget-wrap elementor-element-populated\">\n\t\t\t\t\t\t<div class=\"elementor-element elementor-element-11bb378 elementor-align-center elementor-widget elementor-widget-button\" data-id=\"11bb378\" data-element_type=\"widget\" data-e-type=\"widget\" data-widget_type=\"button.default\">\n\t\t\t\t<div class=\"elementor-widget-container\">\n\t\t\t\t\t\t\t\t\t<div class=\"elementor-button-wrapper\">\n\t\t\t\t\t<a class=\"elementor-button elementor-button-link elementor-size-sm elementor-animation-grow\" href=\"\">\n\t\t\t\t\t\t<span class=\"elementor-button-content-wrapper\">\n\t\t\t\t\t\t\t\t\t<span class=\"elementor-button-text\">Contactez nous !<\/span>\n\t\t\t\t\t<\/span>\n\t\t\t\t\t<\/a>\n\t\t\t\t<\/div>\n\t\t\t\t\t\t\t\t<\/div>\n\t\t\t\t<\/div>\n\t\t\t\t\t<\/div>\n\t\t<\/div>\n\t\t\t\t\t<\/div>\n\t\t<\/section>\n\t\t\t\t<\/div>\n\t\t","protected":false},"excerpt":{"rendered":"<p>PARTENAIRES Partenaires, Rejoignez l\u2019Aventure des Archanges ! Devenez partenaire des Archanges de Molsheim et participez activement \u00e0 notre succ\u00e8s ! En soutenant notre club de football am\u00e9ricain, vous contribuerez \u00e0 la croissance de notre \u00e9quipe, \u00e0 l\u2019\u00e9panouissement de nos jeunes joueurs et \u00e0 la promotion du sport dans notre communaut\u00e9. En tant que partenaire, vous [&hellip;]<\/p>\n","protected":false},"author":2,"featured_media":0,"parent":0,"menu_order":0,"comment_status":"closed","ping_status":"closed","template":"","meta":{"site-sidebar-layout":"no-sidebar","site-content-layout":"page-builder","ast-site-content-layout":"full-width-container","site-content-style":"default","site-sidebar-style":"default","ast-global-header-display":"","ast-banner-title-visibility":"","ast-main-header-display":"","ast-hfb-above-header-display":"","ast-hfb-below-header-display":"","ast-hfb-mobile-header-display":"","site-post-title":"disabled","ast-breadcrumbs-content":"","ast-featured-img":"disabled","footer-sml-layout":"","theme-transparent-header-meta":"","adv-header-id-meta":"","stick-header-meta":"","header-above-stick-meta":"","header-main-stick-meta":"","header-below-stick-meta":"","astra-migrate-meta-layouts":"default","ast-page-background-enabled":"default","ast-page-background-meta":{"desktop":{"background-color":"","background-image":"","background-repeat":"repeat","background-position":"center center","background-size":"auto","background-attachment":"scroll","background-type":"","background-media":"","overlay-type":"","overlay-color":"","overlay-opacity":"","overlay-gradient":""},"tablet":{"background-color":"","background-image":"","background-repeat":"repeat","background-position":"center center","background-size":"auto","background-attachment":"scroll","background-type":"","background-media":"","overlay-type":"","overlay-color":"","overlay-opacity":"","overlay-gradient":""},"mobile":{"background-color":"","background-image":"","background-repeat":"repeat","background-position":"center center","background-size":"auto","background-attachment":"scroll","background-type":"","background-media":"","overlay-type":"","overlay-color":"","overlay-opacity":"","overlay-gradient":""}},"ast-content-background-meta":{"desktop":{"background-color":"var(--ast-global-color-5)","background-image":"","background-repeat":"repeat","background-position":"center center","background-size":"auto","background-attachment":"scroll","background-type":"","background-media":"","overlay-type":"","overlay-color":"","overlay-opacity":"","overlay-gradient":""},"tablet":{"background-color":"var(--ast-global-color-5)","background-image":"","background-repeat":"repeat","background-position":"center center","background-size":"auto","background-attachment":"scroll","background-type":"","background-media":"","overlay-type":"","overlay-color":"","overlay-opacity":"","overlay-gradient":""},"mobile":{"background-color":"var(--ast-global-color-5)","background-image":"","background-repeat":"repeat","background-position":"center center","background-size":"auto","background-attachment":"scroll","background-type":"","background-media":"","overlay-type":"","overlay-color":"","overlay-opacity":"","overlay-gradient":""}},"footnotes":""},"class_list":["post-640","page","type-page","status-publish","hentry"],"yoast_head":"<!-- This site is optimized with the Yoast SEO plugin v27.3 - https:\/\/yoast.com\/product\/yoast-seo-wordpress\/ -->\n<title>Partenaires - Les Archanges de Molsheim<\/title>\n<meta name=\"robots\" content=\"index, follow, max-snippet:-1, max-image-preview:large, max-video-preview:-1\" \/>\n<link rel=\"canonical\" href=\"https:\/\/www.les-archanges.fr\/index.php\/partenaires\/\" \/>\n<meta property=\"og:locale\" content=\"fr_FR\" \/>\n<meta property=\"og:type\" content=\"article\" \/>\n<meta property=\"og:title\" content=\"Partenaires - Les Archanges de Molsheim\" \/>\n<meta property=\"og:description\" content=\"PARTENAIRES Partenaires, Rejoignez l\u2019Aventure des Archanges ! Devenez partenaire des Archanges de Molsheim et participez activement \u00e0 notre succ\u00e8s ! En soutenant notre club de football am\u00e9ricain, vous contribuerez \u00e0 la croissance de notre \u00e9quipe, \u00e0 l\u2019\u00e9panouissement de nos jeunes joueurs et \u00e0 la promotion du sport dans notre communaut\u00e9. En tant que partenaire, vous [&hellip;]\" \/>\n<meta property=\"og:url\" content=\"https:\/\/www.les-archanges.fr\/index.php\/partenaires\/\" \/>\n<meta property=\"og:site_name\" content=\"Les Archanges de Molsheim\" \/>\n<meta property=\"article:modified_time\" content=\"2024-09-13T13:43:26+00:00\" \/>\n<meta name=\"twitter:card\" content=\"summary_large_image\" \/>\n<meta name=\"twitter:label1\" content=\"Dur\u00e9e de lecture estim\u00e9e\" \/>\n\t<meta name=\"twitter:data1\" content=\"1 minute\" \/>\n<script type=\"application\/ld+json\" class=\"yoast-schema-graph\">{\"@context\":\"https:\\\/\\\/schema.org\",\"@graph\":[{\"@type\":\"WebPage\",\"@id\":\"https:\\\/\\\/www.les-archanges.fr\\\/index.php\\\/partenaires\\\/\",\"url\":\"https:\\\/\\\/www.les-archanges.fr\\\/index.php\\\/partenaires\\\/\",\"name\":\"Partenaires - Les Archanges de Molsheim\",\"isPartOf\":{\"@id\":\"https:\\\/\\\/www.les-archanges.fr\\\/#website\"},\"datePublished\":\"2024-09-04T13:46:28+00:00\",\"dateModified\":\"2024-09-13T13:43:26+00:00\",\"breadcrumb\":{\"@id\":\"https:\\\/\\\/www.les-archanges.fr\\\/index.php\\\/partenaires\\\/#breadcrumb\"},\"inLanguage\":\"fr-FR\",\"potentialAction\":[{\"@type\":\"ReadAction\",\"target\":[\"https:\\\/\\\/www.les-archanges.fr\\\/index.php\\\/partenaires\\\/\"]}]},{\"@type\":\"BreadcrumbList\",\"@id\":\"https:\\\/\\\/www.les-archanges.fr\\\/index.php\\\/partenaires\\\/#breadcrumb\",\"itemListElement\":[{\"@type\":\"ListItem\",\"position\":1,\"name\":\"Accueil\",\"item\":\"https:\\\/\\\/www.les-archanges.fr\\\/\"},{\"@type\":\"ListItem\",\"position\":2,\"name\":\"Partenaires\"}]},{\"@type\":\"WebSite\",\"@id\":\"https:\\\/\\\/www.les-archanges.fr\\\/#website\",\"url\":\"https:\\\/\\\/www.les-archanges.fr\\\/\",\"name\":\"Les Archanges de Molsheim\",\"description\":\"Football Am\u00e9ricain et Flag \u00e0 Molsheim\",\"publisher\":{\"@id\":\"https:\\\/\\\/www.les-archanges.fr\\\/#organization\"},\"potentialAction\":[{\"@type\":\"SearchAction\",\"target\":{\"@type\":\"EntryPoint\",\"urlTemplate\":\"https:\\\/\\\/www.les-archanges.fr\\\/?s={search_term_string}\"},\"query-input\":{\"@type\":\"PropertyValueSpecification\",\"valueRequired\":true,\"valueName\":\"search_term_string\"}}],\"inLanguage\":\"fr-FR\"},{\"@type\":\"Organization\",\"@id\":\"https:\\\/\\\/www.les-archanges.fr\\\/#organization\",\"name\":\"Les Archanges de Molsheim\",\"url\":\"https:\\\/\\\/www.les-archanges.fr\\\/\",\"logo\":{\"@type\":\"ImageObject\",\"inLanguage\":\"fr-FR\",\"@id\":\"https:\\\/\\\/www.les-archanges.fr\\\/#\\\/schema\\\/logo\\\/image\\\/\",\"url\":\"https:\\\/\\\/www.les-archanges.fr\\\/wp-content\\\/uploads\\\/2024\\\/09\\\/cropped-logo-sans-fond-archange.png\",\"contentUrl\":\"https:\\\/\\\/www.les-archanges.fr\\\/wp-content\\\/uploads\\\/2024\\\/09\\\/cropped-logo-sans-fond-archange.png\",\"width\":123,\"height\":92,\"caption\":\"Les Archanges de Molsheim\"},\"image\":{\"@id\":\"https:\\\/\\\/www.les-archanges.fr\\\/#\\\/schema\\\/logo\\\/image\\\/\"}}]}<\/script>\n<!-- \/ Yoast SEO plugin. -->","yoast_head_json":{"title":"Partenaires - Les Archanges de Molsheim","robots":{"index":"index","follow":"follow","max-snippet":"max-snippet:-1","max-image-preview":"max-image-preview:large","max-video-preview":"max-video-preview:-1"},"canonical":"https:\/\/www.les-archanges.fr\/index.php\/partenaires\/","og_locale":"fr_FR","og_type":"article","og_title":"Partenaires - Les Archanges de Molsheim","og_description":"PARTENAIRES Partenaires, Rejoignez l\u2019Aventure des Archanges ! Devenez partenaire des Archanges de Molsheim et participez activement \u00e0 notre succ\u00e8s ! En soutenant notre club de football am\u00e9ricain, vous contribuerez \u00e0 la croissance de notre \u00e9quipe, \u00e0 l\u2019\u00e9panouissement de nos jeunes joueurs et \u00e0 la promotion du sport dans notre communaut\u00e9. En tant que partenaire, vous [&hellip;]","og_url":"https:\/\/www.les-archanges.fr\/index.php\/partenaires\/","og_site_name":"Les Archanges de Molsheim","article_modified_time":"2024-09-13T13:43:26+00:00","twitter_card":"summary_large_image","twitter_misc":{"Dur\u00e9e de lecture estim\u00e9e":"1 minute"},"schema":{"@context":"https:\/\/schema.org","@graph":[{"@type":"WebPage","@id":"https:\/\/www.les-archanges.fr\/index.php\/partenaires\/","url":"https:\/\/www.les-archanges.fr\/index.php\/partenaires\/","name":"Partenaires - Les Archanges de Molsheim","isPartOf":{"@id":"https:\/\/www.les-archanges.fr\/#website"},"datePublished":"2024-09-04T13:46:28+00:00","dateModified":"2024-09-13T13:43:26+00:00","breadcrumb":{"@id":"https:\/\/www.les-archanges.fr\/index.php\/partenaires\/#breadcrumb"},"inLanguage":"fr-FR","potentialAction":[{"@type":"ReadAction","target":["https:\/\/www.les-archanges.fr\/index.php\/partenaires\/"]}]},{"@type":"BreadcrumbList","@id":"https:\/\/www.les-archanges.fr\/index.php\/partenaires\/#breadcrumb","itemListElement":[{"@type":"ListItem","position":1,"name":"Accueil","item":"https:\/\/www.les-archanges.fr\/"},{"@type":"ListItem","position":2,"name":"Partenaires"}]},{"@type":"WebSite","@id":"https:\/\/www.les-archanges.fr\/#website","url":"https:\/\/www.les-archanges.fr\/","name":"Les Archanges de Molsheim","description":"Football Am\u00e9ricain et Flag \u00e0 Molsheim","publisher":{"@id":"https:\/\/www.les-archanges.fr\/#organization"},"potentialAction":[{"@type":"SearchAction","target":{"@type":"EntryPoint","urlTemplate":"https:\/\/www.les-archanges.fr\/?s={search_term_string}"},"query-input":{"@type":"PropertyValueSpecification","valueRequired":true,"valueName":"search_term_string"}}],"inLanguage":"fr-FR"},{"@type":"Organization","@id":"https:\/\/www.les-archanges.fr\/#organization","name":"Les Archanges de Molsheim","url":"https:\/\/www.les-archanges.fr\/","logo":{"@type":"ImageObject","inLanguage":"fr-FR","@id":"https:\/\/www.les-archanges.fr\/#\/schema\/logo\/image\/","url":"https:\/\/www.les-archanges.fr\/wp-content\/uploads\/2024\/09\/cropped-logo-sans-fond-archange.png","contentUrl":"https:\/\/www.les-archanges.fr\/wp-content\/uploads\/2024\/09\/cropped-logo-sans-fond-archange.png","width":123,"height":92,"caption":"Les Archanges de Molsheim"},"image":{"@id":"https:\/\/www.les-archanges.fr\/#\/schema\/logo\/image\/"}}]}},"_links":{"self":[{"href":"https:\/\/www.les-archanges.fr\/index.php\/wp-json\/wp\/v2\/pages\/640","targetHints":{"allow":["GET"]}}],"collection":[{"href":"https:\/\/www.les-archanges.fr\/index.php\/wp-json\/wp\/v2\/pages"}],"about":[{"href":"https:\/\/www.les-archanges.fr\/index.php\/wp-json\/wp\/v2\/types\/page"}],"author":[{"embeddable":true,"href":"https:\/\/www.les-archanges.fr\/index.php\/wp-json\/wp\/v2\/users\/2"}],"replies":[{"embeddable":true,"href":"https:\/\/www.les-archanges.fr\/index.php\/wp-json\/wp\/v2\/comments?post=640"}],"version-history":[{"count":10,"href":"https:\/\/www.les-archanges.fr\/index.php\/wp-json\/wp\/v2\/pages\/640\/revisions"}],"predecessor-version":[{"id":844,"href":"https:\/\/www.les-archanges.fr\/index.php\/wp-json\/wp\/v2\/pages\/640\/revisions\/844"}],"wp:attachment":[{"href":"https:\/\/www.les-archanges.fr\/index.php\/wp-json\/wp\/v2\/media?parent=640"}],"curies":[{"name":"wp","href":"https:\/\/api.w.org\/{rel}","templated":true}]}}