{"id":639,"date":"2024-09-04T15:46:28","date_gmt":"2024-09-04T13:46:28","guid":{"rendered":"https:\/\/www.les-archanges.fr\/?page_id=639"},"modified":"2024-09-13T11:35:17","modified_gmt":"2024-09-13T09:35:17","slug":"benevoles","status":"publish","type":"page","link":"https:\/\/www.les-archanges.fr\/index.php\/benevoles\/","title":{"rendered":"B\u00e9n\u00e9voles"},"content":{"rendered":"\t\t<div data-elementor-type=\"wp-page\" data-elementor-id=\"639\" class=\"elementor elementor-639\">\n\t\t\t\t\t\t<section class=\"elementor-section elementor-top-section elementor-element elementor-element-682d2f41 elementor-section-boxed elementor-section-height-default elementor-section-height-default\" data-id=\"682d2f41\" data-element_type=\"section\" data-e-type=\"section\">\n\t\t\t\t\t\t<div class=\"elementor-container elementor-column-gap-default\">\n\t\t\t\t\t<div class=\"elementor-column elementor-col-100 elementor-top-column elementor-element elementor-element-3fcee3bf\" data-id=\"3fcee3bf\" data-element_type=\"column\" data-e-type=\"column\">\n\t\t\t<div class=\"elementor-widget-wrap elementor-element-populated\">\n\t\t\t\t\t\t<div class=\"elementor-element elementor-element-1de3228 elementor-widget__width-initial elementor-widget elementor-widget-text-editor\" data-id=\"1de3228\" data-element_type=\"widget\" data-e-type=\"widget\" data-widget_type=\"text-editor.default\">\n\t\t\t\t<div class=\"elementor-widget-container\">\n\t\t\t\t\t\t\t\t\t\n<p><strong>L&#8217;Essence de Notre Club : L&#8217;Engagement des B\u00e9n\u00e9voles<\/strong><\/p>\n\n<p>Au c\u0153ur <strong>Des Archanges<\/strong> <strong>de Molsheim<\/strong>, une \u00e9nergie vibrante et essentielle anime chaque aspect de notre club : celle de nos b\u00e9n\u00e9voles. Leur d\u00e9vouement et leur passion sont la cl\u00e9 de notre dynamisme et de notre succ\u00e8s, et nous souhaitons mettre en lumi\u00e8re leur r\u00f4le indispensable dans notre aventure collective.<\/p>\n\n<ul>\n<li><strong>Notre comit\u00e9<\/strong> est compos\u00e9 de membres d\u00e9vou\u00e9s qui travaillent sans rel\u00e2che pour dynamiser le club. Ils sont les architectes de notre vision, les strat\u00e8ges derri\u00e8re nos projets, et les organisateurs de nos \u00e9v\u00e9nements. Leur engagement permet non seulement de faire avancer le club, mais aussi de renforcer notre communaut\u00e9 autour du football am\u00e9ricain.<\/li>\n<\/ul>\n\n<ul>\n<li><strong>Nos entra\u00eeneurs<\/strong> b\u00e9n\u00e9voles sont le pilier de notre d\u00e9veloppement sportif. Gr\u00e2ce \u00e0 leur expertise et \u00e0 leur passion, ils transmettent leurs connaissances aux joueurs, les motivent \u00e0 atteindre de nouveaux sommets, et cultivent un esprit d&#8217;\u00e9quipe exceptionnel. Sans eux, le progr\u00e8s de nos \u00e9quipes serait impensable.<\/li>\n<\/ul>\n\n<ul>\n<li><strong>Les arbitres<\/strong>, \u00e9galement b\u00e9n\u00e9voles, assurent l&#8217;int\u00e9grit\u00e9 et la fluidit\u00e9 de chaque match. Leur r\u00f4le est crucial pour garantir des rencontres justes et comp\u00e9titives, et leur pr\u00e9sence sur le terrain est un gage de qualit\u00e9 et de s\u00e9rieux pour notre sport.<\/li>\n<\/ul>\n\n<p>En dehors du terrain, nos b\u00e9n\u00e9voles se mobilisent pour enrichir la vie du club et de la ville. Ils s\u2019impliquent activement dans les animations locales, et leur aide pr\u00e9cieuse lors des \u00e9v\u00e9nements et \u00e0 la buvette des matchs contribue \u00e0 cr\u00e9er une atmosph\u00e8re conviviale et festive.<\/p>\n\n<p><strong>Les Archanges<\/strong> sont toujours \u00e0 la recherche de nouvelles personnes pr\u00eates \u00e0 s\u2019investir dans notre aventure. Que vous ayez des comp\u00e9tences en organisation, en animation, en gestion ou simplement une passion pour le sport, il y a une place pour vous au sein de notre \u00e9quipe de b\u00e9n\u00e9voles. Votre contribution, grande ou petite, fera une diff\u00e9rence significative et sera grandement appr\u00e9ci\u00e9e.<\/p>\n\n<p>\u00a0<\/p>\n\t\t\t\t\t\t\t\t<\/div>\n\t\t\t\t<\/div>\n\t\t\t\t\t<\/div>\n\t\t<\/div>\n\t\t\t\t\t<\/div>\n\t\t<\/section>\n\t\t\t\t<\/div>\n\t\t","protected":false},"excerpt":{"rendered":"<p>L&#8217;Essence de Notre Club : L&#8217;Engagement des B\u00e9n\u00e9voles Au c\u0153ur Des Archanges de Molsheim, une \u00e9nergie vibrante et essentielle anime chaque aspect de notre club : celle de nos b\u00e9n\u00e9voles. Leur d\u00e9vouement et leur passion sont la cl\u00e9 de notre dynamisme et de notre succ\u00e8s, et nous souhaitons mettre en lumi\u00e8re leur r\u00f4le indispensable dans [&hellip;]<\/p>\n","protected":false},"author":2,"featured_media":0,"parent":0,"menu_order":0,"comment_status":"closed","ping_status":"closed","template":"","meta":{"site-sidebar-layout":"default","site-content-layout":"","ast-site-content-layout":"default","site-content-style":"default","site-sidebar-style":"default","ast-global-header-display":"","ast-banner-title-visibility":"","ast-main-header-display":"","ast-hfb-above-header-display":"","ast-hfb-below-header-display":"","ast-hfb-mobile-header-display":"","site-post-title":"","ast-breadcrumbs-content":"","ast-featured-img":"","footer-sml-layout":"","theme-transparent-header-meta":"","adv-header-id-meta":"","stick-header-meta":"","header-above-stick-meta":"","header-main-stick-meta":"","header-below-stick-meta":"","astra-migrate-meta-layouts":"set","ast-page-background-enabled":"default","ast-page-background-meta":{"desktop":{"background-color":"","background-image":"","background-repeat":"repeat","background-position":"center center","background-size":"auto","background-attachment":"scroll","background-type":"","background-media":"","overlay-type":"","overlay-color":"","overlay-opacity":"","overlay-gradient":""},"tablet":{"background-color":"","background-image":"","background-repeat":"repeat","background-position":"center center","background-size":"auto","background-attachment":"scroll","background-type":"","background-media":"","overlay-type":"","overlay-color":"","overlay-opacity":"","overlay-gradient":""},"mobile":{"background-color":"","background-image":"","background-repeat":"repeat","background-position":"center center","background-size":"auto","background-attachment":"scroll","background-type":"","background-media":"","overlay-type":"","overlay-color":"","overlay-opacity":"","overlay-gradient":""}},"ast-content-background-meta":{"desktop":{"background-color":"var(--ast-global-color-5)","background-image":"","background-repeat":"repeat","background-position":"center center","background-size":"auto","background-attachment":"scroll","background-type":"","background-media":"","overlay-type":"","overlay-color":"","overlay-opacity":"","overlay-gradient":""},"tablet":{"background-color":"var(--ast-global-color-5)","background-image":"","background-repeat":"repeat","background-position":"center center","background-size":"auto","background-attachment":"scroll","background-type":"","background-media":"","overlay-type":"","overlay-color":"","overlay-opacity":"","overlay-gradient":""},"mobile":{"background-color":"var(--ast-global-color-5)","background-image":"","background-repeat":"repeat","background-position":"center center","background-size":"auto","background-attachment":"scroll","background-type":"","background-media":"","overlay-type":"","overlay-color":"","overlay-opacity":"","overlay-gradient":""}},"footnotes":""},"class_list":["post-639","page","type-page","status-publish","hentry"],"yoast_head":"<!-- This site is optimized with the Yoast SEO plugin v27.5 - https:\/\/yoast.com\/product\/yoast-seo-wordpress\/ -->\n<title>B\u00e9n\u00e9voles - Les Archanges de Molsheim<\/title>\n<meta name=\"robots\" content=\"index, follow, max-snippet:-1, max-image-preview:large, max-video-preview:-1\" \/>\n<link rel=\"canonical\" href=\"https:\/\/www.les-archanges.fr\/index.php\/benevoles\/\" \/>\n<meta property=\"og:locale\" content=\"fr_FR\" \/>\n<meta property=\"og:type\" content=\"article\" \/>\n<meta property=\"og:title\" content=\"B\u00e9n\u00e9voles - Les Archanges de Molsheim\" \/>\n<meta property=\"og:description\" content=\"L&#8217;Essence de Notre Club : L&#8217;Engagement des B\u00e9n\u00e9voles Au c\u0153ur Des Archanges de Molsheim, une \u00e9nergie vibrante et essentielle anime chaque aspect de notre club : celle de nos b\u00e9n\u00e9voles. Leur d\u00e9vouement et leur passion sont la cl\u00e9 de notre dynamisme et de notre succ\u00e8s, et nous souhaitons mettre en lumi\u00e8re leur r\u00f4le indispensable dans [&hellip;]\" \/>\n<meta property=\"og:url\" content=\"https:\/\/www.les-archanges.fr\/index.php\/benevoles\/\" \/>\n<meta property=\"og:site_name\" content=\"Les Archanges de Molsheim\" \/>\n<meta property=\"article:modified_time\" content=\"2024-09-13T09:35:17+00:00\" \/>\n<meta name=\"twitter:card\" content=\"summary_large_image\" \/>\n<meta name=\"twitter:label1\" content=\"Dur\u00e9e de lecture estim\u00e9e\" \/>\n\t<meta name=\"twitter:data1\" content=\"2 minutes\" \/>\n<script type=\"application\/ld+json\" class=\"yoast-schema-graph\">{\"@context\":\"https:\\\/\\\/schema.org\",\"@graph\":[{\"@type\":\"WebPage\",\"@id\":\"https:\\\/\\\/www.les-archanges.fr\\\/index.php\\\/benevoles\\\/\",\"url\":\"https:\\\/\\\/www.les-archanges.fr\\\/index.php\\\/benevoles\\\/\",\"name\":\"B\u00e9n\u00e9voles - Les Archanges de Molsheim\",\"isPartOf\":{\"@id\":\"https:\\\/\\\/www.les-archanges.fr\\\/#website\"},\"datePublished\":\"2024-09-04T13:46:28+00:00\",\"dateModified\":\"2024-09-13T09:35:17+00:00\",\"breadcrumb\":{\"@id\":\"https:\\\/\\\/www.les-archanges.fr\\\/index.php\\\/benevoles\\\/#breadcrumb\"},\"inLanguage\":\"fr-FR\",\"potentialAction\":[{\"@type\":\"ReadAction\",\"target\":[\"https:\\\/\\\/www.les-archanges.fr\\\/index.php\\\/benevoles\\\/\"]}]},{\"@type\":\"BreadcrumbList\",\"@id\":\"https:\\\/\\\/www.les-archanges.fr\\\/index.php\\\/benevoles\\\/#breadcrumb\",\"itemListElement\":[{\"@type\":\"ListItem\",\"position\":1,\"name\":\"Accueil\",\"item\":\"https:\\\/\\\/www.les-archanges.fr\\\/\"},{\"@type\":\"ListItem\",\"position\":2,\"name\":\"B\u00e9n\u00e9voles\"}]},{\"@type\":\"WebSite\",\"@id\":\"https:\\\/\\\/www.les-archanges.fr\\\/#website\",\"url\":\"https:\\\/\\\/www.les-archanges.fr\\\/\",\"name\":\"Les Archanges de Molsheim\",\"description\":\"Football Am\u00e9ricain et Flag \u00e0 Molsheim\",\"publisher\":{\"@id\":\"https:\\\/\\\/www.les-archanges.fr\\\/#organization\"},\"potentialAction\":[{\"@type\":\"SearchAction\",\"target\":{\"@type\":\"EntryPoint\",\"urlTemplate\":\"https:\\\/\\\/www.les-archanges.fr\\\/?s={search_term_string}\"},\"query-input\":{\"@type\":\"PropertyValueSpecification\",\"valueRequired\":true,\"valueName\":\"search_term_string\"}}],\"inLanguage\":\"fr-FR\"},{\"@type\":\"Organization\",\"@id\":\"https:\\\/\\\/www.les-archanges.fr\\\/#organization\",\"name\":\"Les Archanges de Molsheim\",\"url\":\"https:\\\/\\\/www.les-archanges.fr\\\/\",\"logo\":{\"@type\":\"ImageObject\",\"inLanguage\":\"fr-FR\",\"@id\":\"https:\\\/\\\/www.les-archanges.fr\\\/#\\\/schema\\\/logo\\\/image\\\/\",\"url\":\"https:\\\/\\\/www.les-archanges.fr\\\/wp-content\\\/uploads\\\/2024\\\/09\\\/cropped-logo-sans-fond-archange.png\",\"contentUrl\":\"https:\\\/\\\/www.les-archanges.fr\\\/wp-content\\\/uploads\\\/2024\\\/09\\\/cropped-logo-sans-fond-archange.png\",\"width\":123,\"height\":92,\"caption\":\"Les Archanges de Molsheim\"},\"image\":{\"@id\":\"https:\\\/\\\/www.les-archanges.fr\\\/#\\\/schema\\\/logo\\\/image\\\/\"}}]}<\/script>\n<!-- \/ Yoast SEO plugin. -->","yoast_head_json":{"title":"B\u00e9n\u00e9voles - Les Archanges de Molsheim","robots":{"index":"index","follow":"follow","max-snippet":"max-snippet:-1","max-image-preview":"max-image-preview:large","max-video-preview":"max-video-preview:-1"},"canonical":"https:\/\/www.les-archanges.fr\/index.php\/benevoles\/","og_locale":"fr_FR","og_type":"article","og_title":"B\u00e9n\u00e9voles - Les Archanges de Molsheim","og_description":"L&#8217;Essence de Notre Club : L&#8217;Engagement des B\u00e9n\u00e9voles Au c\u0153ur Des Archanges de Molsheim, une \u00e9nergie vibrante et essentielle anime chaque aspect de notre club : celle de nos b\u00e9n\u00e9voles. Leur d\u00e9vouement et leur passion sont la cl\u00e9 de notre dynamisme et de notre succ\u00e8s, et nous souhaitons mettre en lumi\u00e8re leur r\u00f4le indispensable dans [&hellip;]","og_url":"https:\/\/www.les-archanges.fr\/index.php\/benevoles\/","og_site_name":"Les Archanges de Molsheim","article_modified_time":"2024-09-13T09:35:17+00:00","twitter_card":"summary_large_image","twitter_misc":{"Dur\u00e9e de lecture estim\u00e9e":"2 minutes"},"schema":{"@context":"https:\/\/schema.org","@graph":[{"@type":"WebPage","@id":"https:\/\/www.les-archanges.fr\/index.php\/benevoles\/","url":"https:\/\/www.les-archanges.fr\/index.php\/benevoles\/","name":"B\u00e9n\u00e9voles - Les Archanges de Molsheim","isPartOf":{"@id":"https:\/\/www.les-archanges.fr\/#website"},"datePublished":"2024-09-04T13:46:28+00:00","dateModified":"2024-09-13T09:35:17+00:00","breadcrumb":{"@id":"https:\/\/www.les-archanges.fr\/index.php\/benevoles\/#breadcrumb"},"inLanguage":"fr-FR","potentialAction":[{"@type":"ReadAction","target":["https:\/\/www.les-archanges.fr\/index.php\/benevoles\/"]}]},{"@type":"BreadcrumbList","@id":"https:\/\/www.les-archanges.fr\/index.php\/benevoles\/#breadcrumb","itemListElement":[{"@type":"ListItem","position":1,"name":"Accueil","item":"https:\/\/www.les-archanges.fr\/"},{"@type":"ListItem","position":2,"name":"B\u00e9n\u00e9voles"}]},{"@type":"WebSite","@id":"https:\/\/www.les-archanges.fr\/#website","url":"https:\/\/www.les-archanges.fr\/","name":"Les Archanges de Molsheim","description":"Football Am\u00e9ricain et Flag \u00e0 Molsheim","publisher":{"@id":"https:\/\/www.les-archanges.fr\/#organization"},"potentialAction":[{"@type":"SearchAction","target":{"@type":"EntryPoint","urlTemplate":"https:\/\/www.les-archanges.fr\/?s={search_term_string}"},"query-input":{"@type":"PropertyValueSpecification","valueRequired":true,"valueName":"search_term_string"}}],"inLanguage":"fr-FR"},{"@type":"Organization","@id":"https:\/\/www.les-archanges.fr\/#organization","name":"Les Archanges de Molsheim","url":"https:\/\/www.les-archanges.fr\/","logo":{"@type":"ImageObject","inLanguage":"fr-FR","@id":"https:\/\/www.les-archanges.fr\/#\/schema\/logo\/image\/","url":"https:\/\/www.les-archanges.fr\/wp-content\/uploads\/2024\/09\/cropped-logo-sans-fond-archange.png","contentUrl":"https:\/\/www.les-archanges.fr\/wp-content\/uploads\/2024\/09\/cropped-logo-sans-fond-archange.png","width":123,"height":92,"caption":"Les Archanges de Molsheim"},"image":{"@id":"https:\/\/www.les-archanges.fr\/#\/schema\/logo\/image\/"}}]}},"_links":{"self":[{"href":"https:\/\/www.les-archanges.fr\/index.php\/wp-json\/wp\/v2\/pages\/639","targetHints":{"allow":["GET"]}}],"collection":[{"href":"https:\/\/www.les-archanges.fr\/index.php\/wp-json\/wp\/v2\/pages"}],"about":[{"href":"https:\/\/www.les-archanges.fr\/index.php\/wp-json\/wp\/v2\/types\/page"}],"author":[{"embeddable":true,"href":"https:\/\/www.les-archanges.fr\/index.php\/wp-json\/wp\/v2\/users\/2"}],"replies":[{"embeddable":true,"href":"https:\/\/www.les-archanges.fr\/index.php\/wp-json\/wp\/v2\/comments?post=639"}],"version-history":[{"count":8,"href":"https:\/\/www.les-archanges.fr\/index.php\/wp-json\/wp\/v2\/pages\/639\/revisions"}],"predecessor-version":[{"id":767,"href":"https:\/\/www.les-archanges.fr\/index.php\/wp-json\/wp\/v2\/pages\/639\/revisions\/767"}],"wp:attachment":[{"href":"https:\/\/www.les-archanges.fr\/index.php\/wp-json\/wp\/v2\/media?parent=639"}],"curies":[{"name":"wp","href":"https:\/\/api.w.org\/{rel}","templated":true}]}}