{"id":637,"date":"2024-09-04T15:46:28","date_gmt":"2024-09-04T13:46:28","guid":{"rendered":"https:\/\/www.les-archanges.fr\/?page_id=637"},"modified":"2024-09-13T15:07:47","modified_gmt":"2024-09-13T13:07:47","slug":"flag","status":"publish","type":"page","link":"https:\/\/www.les-archanges.fr\/index.php\/flag\/","title":{"rendered":"Flag"},"content":{"rendered":"\t\t<div data-elementor-type=\"wp-page\" data-elementor-id=\"637\" class=\"elementor elementor-637\">\n\t\t\t\t\t\t<section class=\"elementor-section elementor-top-section elementor-element elementor-element-9b0789c elementor-section-boxed elementor-section-height-default elementor-section-height-default\" data-id=\"9b0789c\" data-element_type=\"section\" data-e-type=\"section\">\n\t\t\t\t\t\t<div class=\"elementor-container elementor-column-gap-default\">\n\t\t\t\t\t<div class=\"elementor-column elementor-col-100 elementor-top-column elementor-element elementor-element-995f512\" data-id=\"995f512\" data-element_type=\"column\" data-e-type=\"column\">\n\t\t\t<div class=\"elementor-widget-wrap elementor-element-populated\">\n\t\t\t\t\t\t<div class=\"elementor-element elementor-element-f70b758 elementor-widget elementor-widget-heading\" data-id=\"f70b758\" data-element_type=\"widget\" data-e-type=\"widget\" data-widget_type=\"heading.default\">\n\t\t\t\t<div class=\"elementor-widget-container\">\n\t\t\t\t\t<h2 class=\"elementor-heading-title elementor-size-default\">LE FLAG FOOTBALL<\/h2>\t\t\t\t<\/div>\n\t\t\t\t<\/div>\n\t\t\t\t\t<\/div>\n\t\t<\/div>\n\t\t\t\t\t<\/div>\n\t\t<\/section>\n\t\t\t\t<section class=\"elementor-section elementor-top-section elementor-element elementor-element-2603e51 elementor-section-boxed elementor-section-height-default elementor-section-height-default\" data-id=\"2603e51\" data-element_type=\"section\" data-e-type=\"section\">\n\t\t\t\t\t\t<div class=\"elementor-container elementor-column-gap-default\">\n\t\t\t\t\t<div class=\"elementor-column elementor-col-100 elementor-top-column elementor-element elementor-element-b68486c\" data-id=\"b68486c\" data-element_type=\"column\" data-e-type=\"column\">\n\t\t\t<div class=\"elementor-widget-wrap elementor-element-populated\">\n\t\t\t\t\t\t<div class=\"elementor-element elementor-element-f0d760c elementor-widget elementor-widget-text-editor\" data-id=\"f0d760c\" data-element_type=\"widget\" data-e-type=\"widget\" data-widget_type=\"text-editor.default\">\n\t\t\t\t<div class=\"elementor-widget-container\">\n\t\t\t\t\t\t\t\t\t<p><strong>D\u00e9couverte des r\u00e8gles du Flag Football Mixte\u00a0<\/strong><\/p><p>Le <strong>flag football<\/strong> est une variante du football am\u00e9ricain, qui se distingue par son absence de contact physique direct. En France, le flag football mixte conna\u00eet un engouement croissant et est jou\u00e9 selon des r\u00e8gles sp\u00e9cifiques pour offrir une exp\u00e9rience amusante et accessible \u00e0 tous. Voici un aper\u00e7u des r\u00e8gles essentielles :<\/p><p style=\"padding-left: 80px;\"><strong style=\"font-style: inherit; background-color: var(--ast-global-color-8); color: var(--ast-global-color-2);\">Objectif du Jeu<\/strong><span style=\"font-style: inherit; font-weight: inherit; background-color: var(--ast-global-color-8); color: var(--ast-global-color-2);\"> : Comme au football am\u00e9ricain traditionnel, l&#8217;objectif est de marquer des points en avan\u00e7ant le ballon dans la zone d&#8217;en-but de l&#8217;\u00e9quipe adverse. Cependant, au lieu de tacler l&#8217;adversaire, les joueurs doivent retirer les drapeaux attach\u00e9s \u00e0 la taille de l\u2019attaquant pour arr\u00eater le jeu.<\/span><\/p><p style=\"padding-left: 80px;\"><strong style=\"font-style: inherit; background-color: var(--ast-global-color-8); color: var(--ast-global-color-2);\">Dur\u00e9e du Match<\/strong><span style=\"font-style: inherit; font-weight: inherit; background-color: var(--ast-global-color-8); color: var(--ast-global-color-2);\"> : Un match de flag football se joue g\u00e9n\u00e9ralement en deux p\u00e9riodes de 20 \u00e0 25 minutes, avec une courte pause entre les deux. Les dur\u00e9es peuvent varier l\u00e9g\u00e8rement en fonction des ligues ou des tournois.<\/span><\/p><p style=\"padding-left: 80px;\"><strong style=\"font-style: inherit; background-color: var(--ast-global-color-8); color: var(--ast-global-color-2);\">\u00c9quipe et Composition<\/strong><span style=\"font-style: inherit; font-weight: inherit; background-color: var(--ast-global-color-8); color: var(--ast-global-color-2);\"> : Chaque \u00e9quipe se compose de 5 \u00e0 7 joueurs sur le terrain, selon les r\u00e8glements locaux. Le jeu est mixte, ce qui signifie que les \u00e9quipes doivent inclure un \u00e9quilibre entre les joueurs masculins et f\u00e9minins sur le terrain.<\/span><\/p><p style=\"padding-left: 80px;\"><strong>D\u00e9roulement du Jeu<\/strong> : L\u2019\u00e9quipe en attaque dispose de quatre tentatives (ou &#8220;downs&#8221;) pour avancer de 10 yards. Si elle r\u00e9ussit \u00e0 parcourir ces 10 yards, elle obtient une nouvelle s\u00e9rie de quatre tentatives. L&#8217;attaque est stopp\u00e9e lorsque le ballon est intercept\u00e9 ou lorsque le joueur portant le ballon se fait retirer un ou plusieurs drapeaux attach\u00e9s \u00e0 sa taille.<\/p><p style=\"padding-left: 80px;\"><strong>Contact et S\u00e9curit\u00e9<\/strong> : Le flag football est un sport sans contact. Au lieu de plaquer les joueurs, les d\u00e9fenseurs doivent retirer les drapeaux accroch\u00e9s \u00e0 la taille des joueurs en attaque pour arr\u00eater le jeu. Les contacts physiques directs, comme les plaquages ou les coups, sont interdits et peuvent entra\u00eener des p\u00e9nalit\u00e9s.<\/p><p style=\"padding-left: 80px;\"><strong>Marquage des Points<\/strong> : Un touchdown vaut g\u00e9n\u00e9ralement 6 points. Les \u00e9quipes peuvent \u00e9galement tenter une conversion apr\u00e8s un touchdown, qui peut rapporter 1 ou 2 points suppl\u00e9mentaires en fonction du jeu choisi (par exemple, un coup de pied ou une tentative de conversion depuis la ligne d&#8217;en-but).<\/p><p>Le <strong>flag football<\/strong> est une excellente mani\u00e8re de d\u00e9couvrir les sensations du football am\u00e9ricain dans un cadre ludique et inclusif. Que vous soyez joueur, spectateur ou simplement curieux, rejoignez-nous pour vivre l\u2019action et le plaisir du flag football !<\/p>\t\t\t\t\t\t\t\t<\/div>\n\t\t\t\t<\/div>\n\t\t\t\t\t<\/div>\n\t\t<\/div>\n\t\t\t\t\t<\/div>\n\t\t<\/section>\n\t\t\t\t<\/div>\n\t\t","protected":false},"excerpt":{"rendered":"<p>LE FLAG FOOTBALL D\u00e9couverte des r\u00e8gles du Flag Football Mixte\u00a0 Le flag football est une variante du football am\u00e9ricain, qui se distingue par son absence de contact physique direct. En France, le flag football mixte conna\u00eet un engouement croissant et est jou\u00e9 selon des r\u00e8gles sp\u00e9cifiques pour offrir une exp\u00e9rience amusante et accessible \u00e0 tous. [&hellip;]<\/p>\n","protected":false},"author":2,"featured_media":0,"parent":0,"menu_order":0,"comment_status":"closed","ping_status":"closed","template":"","meta":{"site-sidebar-layout":"no-sidebar","site-content-layout":"page-builder","ast-site-content-layout":"full-width-container","site-content-style":"default","site-sidebar-style":"default","ast-global-header-display":"","ast-banner-title-visibility":"","ast-main-header-display":"","ast-hfb-above-header-display":"","ast-hfb-below-header-display":"","ast-hfb-mobile-header-display":"","site-post-title":"disabled","ast-breadcrumbs-content":"","ast-featured-img":"disabled","footer-sml-layout":"","theme-transparent-header-meta":"","adv-header-id-meta":"","stick-header-meta":"","header-above-stick-meta":"","header-main-stick-meta":"","header-below-stick-meta":"","astra-migrate-meta-layouts":"default","ast-page-background-enabled":"default","ast-page-background-meta":{"desktop":{"background-color":"","background-image":"","background-repeat":"repeat","background-position":"center center","background-size":"auto","background-attachment":"scroll","background-type":"","background-media":"","overlay-type":"","overlay-color":"","overlay-opacity":"","overlay-gradient":""},"tablet":{"background-color":"","background-image":"","background-repeat":"repeat","background-position":"center center","background-size":"auto","background-attachment":"scroll","background-type":"","background-media":"","overlay-type":"","overlay-color":"","overlay-opacity":"","overlay-gradient":""},"mobile":{"background-color":"","background-image":"","background-repeat":"repeat","background-position":"center center","background-size":"auto","background-attachment":"scroll","background-type":"","background-media":"","overlay-type":"","overlay-color":"","overlay-opacity":"","overlay-gradient":""}},"ast-content-background-meta":{"desktop":{"background-color":"var(--ast-global-color-5)","background-image":"","background-repeat":"repeat","background-position":"center center","background-size":"auto","background-attachment":"scroll","background-type":"","background-media":"","overlay-type":"","overlay-color":"","overlay-opacity":"","overlay-gradient":""},"tablet":{"background-color":"var(--ast-global-color-5)","background-image":"","background-repeat":"repeat","background-position":"center center","background-size":"auto","background-attachment":"scroll","background-type":"","background-media":"","overlay-type":"","overlay-color":"","overlay-opacity":"","overlay-gradient":""},"mobile":{"background-color":"var(--ast-global-color-5)","background-image":"","background-repeat":"repeat","background-position":"center center","background-size":"auto","background-attachment":"scroll","background-type":"","background-media":"","overlay-type":"","overlay-color":"","overlay-opacity":"","overlay-gradient":""}},"footnotes":""},"class_list":["post-637","page","type-page","status-publish","hentry"],"yoast_head":"<!-- This site is optimized with the Yoast SEO plugin v27.5 - https:\/\/yoast.com\/product\/yoast-seo-wordpress\/ -->\n<title>Flag - Les Archanges de Molsheim<\/title>\n<meta name=\"robots\" content=\"index, follow, max-snippet:-1, max-image-preview:large, max-video-preview:-1\" \/>\n<link rel=\"canonical\" href=\"https:\/\/www.les-archanges.fr\/index.php\/flag\/\" \/>\n<meta property=\"og:locale\" content=\"fr_FR\" \/>\n<meta property=\"og:type\" content=\"article\" \/>\n<meta property=\"og:title\" content=\"Flag - Les Archanges de Molsheim\" \/>\n<meta property=\"og:description\" content=\"LE FLAG FOOTBALL D\u00e9couverte des r\u00e8gles du Flag Football Mixte\u00a0 Le flag football est une variante du football am\u00e9ricain, qui se distingue par son absence de contact physique direct. En France, le flag football mixte conna\u00eet un engouement croissant et est jou\u00e9 selon des r\u00e8gles sp\u00e9cifiques pour offrir une exp\u00e9rience amusante et accessible \u00e0 tous. [&hellip;]\" \/>\n<meta property=\"og:url\" content=\"https:\/\/www.les-archanges.fr\/index.php\/flag\/\" \/>\n<meta property=\"og:site_name\" content=\"Les Archanges de Molsheim\" \/>\n<meta property=\"article:modified_time\" content=\"2024-09-13T13:07:47+00:00\" \/>\n<meta name=\"twitter:card\" content=\"summary_large_image\" \/>\n<meta name=\"twitter:label1\" content=\"Dur\u00e9e de lecture estim\u00e9e\" \/>\n\t<meta name=\"twitter:data1\" content=\"2 minutes\" \/>\n<script type=\"application\/ld+json\" class=\"yoast-schema-graph\">{\"@context\":\"https:\\\/\\\/schema.org\",\"@graph\":[{\"@type\":\"WebPage\",\"@id\":\"https:\\\/\\\/www.les-archanges.fr\\\/index.php\\\/flag\\\/\",\"url\":\"https:\\\/\\\/www.les-archanges.fr\\\/index.php\\\/flag\\\/\",\"name\":\"Flag - Les Archanges de Molsheim\",\"isPartOf\":{\"@id\":\"https:\\\/\\\/www.les-archanges.fr\\\/#website\"},\"datePublished\":\"2024-09-04T13:46:28+00:00\",\"dateModified\":\"2024-09-13T13:07:47+00:00\",\"breadcrumb\":{\"@id\":\"https:\\\/\\\/www.les-archanges.fr\\\/index.php\\\/flag\\\/#breadcrumb\"},\"inLanguage\":\"fr-FR\",\"potentialAction\":[{\"@type\":\"ReadAction\",\"target\":[\"https:\\\/\\\/www.les-archanges.fr\\\/index.php\\\/flag\\\/\"]}]},{\"@type\":\"BreadcrumbList\",\"@id\":\"https:\\\/\\\/www.les-archanges.fr\\\/index.php\\\/flag\\\/#breadcrumb\",\"itemListElement\":[{\"@type\":\"ListItem\",\"position\":1,\"name\":\"Accueil\",\"item\":\"https:\\\/\\\/www.les-archanges.fr\\\/\"},{\"@type\":\"ListItem\",\"position\":2,\"name\":\"Flag\"}]},{\"@type\":\"WebSite\",\"@id\":\"https:\\\/\\\/www.les-archanges.fr\\\/#website\",\"url\":\"https:\\\/\\\/www.les-archanges.fr\\\/\",\"name\":\"Les Archanges de Molsheim\",\"description\":\"Football Am\u00e9ricain et Flag \u00e0 Molsheim\",\"publisher\":{\"@id\":\"https:\\\/\\\/www.les-archanges.fr\\\/#organization\"},\"potentialAction\":[{\"@type\":\"SearchAction\",\"target\":{\"@type\":\"EntryPoint\",\"urlTemplate\":\"https:\\\/\\\/www.les-archanges.fr\\\/?s={search_term_string}\"},\"query-input\":{\"@type\":\"PropertyValueSpecification\",\"valueRequired\":true,\"valueName\":\"search_term_string\"}}],\"inLanguage\":\"fr-FR\"},{\"@type\":\"Organization\",\"@id\":\"https:\\\/\\\/www.les-archanges.fr\\\/#organization\",\"name\":\"Les Archanges de Molsheim\",\"url\":\"https:\\\/\\\/www.les-archanges.fr\\\/\",\"logo\":{\"@type\":\"ImageObject\",\"inLanguage\":\"fr-FR\",\"@id\":\"https:\\\/\\\/www.les-archanges.fr\\\/#\\\/schema\\\/logo\\\/image\\\/\",\"url\":\"https:\\\/\\\/www.les-archanges.fr\\\/wp-content\\\/uploads\\\/2024\\\/09\\\/cropped-logo-sans-fond-archange.png\",\"contentUrl\":\"https:\\\/\\\/www.les-archanges.fr\\\/wp-content\\\/uploads\\\/2024\\\/09\\\/cropped-logo-sans-fond-archange.png\",\"width\":123,\"height\":92,\"caption\":\"Les Archanges de Molsheim\"},\"image\":{\"@id\":\"https:\\\/\\\/www.les-archanges.fr\\\/#\\\/schema\\\/logo\\\/image\\\/\"}}]}<\/script>\n<!-- \/ Yoast SEO plugin. -->","yoast_head_json":{"title":"Flag - Les Archanges de Molsheim","robots":{"index":"index","follow":"follow","max-snippet":"max-snippet:-1","max-image-preview":"max-image-preview:large","max-video-preview":"max-video-preview:-1"},"canonical":"https:\/\/www.les-archanges.fr\/index.php\/flag\/","og_locale":"fr_FR","og_type":"article","og_title":"Flag - Les Archanges de Molsheim","og_description":"LE FLAG FOOTBALL D\u00e9couverte des r\u00e8gles du Flag Football Mixte\u00a0 Le flag football est une variante du football am\u00e9ricain, qui se distingue par son absence de contact physique direct. En France, le flag football mixte conna\u00eet un engouement croissant et est jou\u00e9 selon des r\u00e8gles sp\u00e9cifiques pour offrir une exp\u00e9rience amusante et accessible \u00e0 tous. [&hellip;]","og_url":"https:\/\/www.les-archanges.fr\/index.php\/flag\/","og_site_name":"Les Archanges de Molsheim","article_modified_time":"2024-09-13T13:07:47+00:00","twitter_card":"summary_large_image","twitter_misc":{"Dur\u00e9e de lecture estim\u00e9e":"2 minutes"},"schema":{"@context":"https:\/\/schema.org","@graph":[{"@type":"WebPage","@id":"https:\/\/www.les-archanges.fr\/index.php\/flag\/","url":"https:\/\/www.les-archanges.fr\/index.php\/flag\/","name":"Flag - Les Archanges de Molsheim","isPartOf":{"@id":"https:\/\/www.les-archanges.fr\/#website"},"datePublished":"2024-09-04T13:46:28+00:00","dateModified":"2024-09-13T13:07:47+00:00","breadcrumb":{"@id":"https:\/\/www.les-archanges.fr\/index.php\/flag\/#breadcrumb"},"inLanguage":"fr-FR","potentialAction":[{"@type":"ReadAction","target":["https:\/\/www.les-archanges.fr\/index.php\/flag\/"]}]},{"@type":"BreadcrumbList","@id":"https:\/\/www.les-archanges.fr\/index.php\/flag\/#breadcrumb","itemListElement":[{"@type":"ListItem","position":1,"name":"Accueil","item":"https:\/\/www.les-archanges.fr\/"},{"@type":"ListItem","position":2,"name":"Flag"}]},{"@type":"WebSite","@id":"https:\/\/www.les-archanges.fr\/#website","url":"https:\/\/www.les-archanges.fr\/","name":"Les Archanges de Molsheim","description":"Football Am\u00e9ricain et Flag \u00e0 Molsheim","publisher":{"@id":"https:\/\/www.les-archanges.fr\/#organization"},"potentialAction":[{"@type":"SearchAction","target":{"@type":"EntryPoint","urlTemplate":"https:\/\/www.les-archanges.fr\/?s={search_term_string}"},"query-input":{"@type":"PropertyValueSpecification","valueRequired":true,"valueName":"search_term_string"}}],"inLanguage":"fr-FR"},{"@type":"Organization","@id":"https:\/\/www.les-archanges.fr\/#organization","name":"Les Archanges de Molsheim","url":"https:\/\/www.les-archanges.fr\/","logo":{"@type":"ImageObject","inLanguage":"fr-FR","@id":"https:\/\/www.les-archanges.fr\/#\/schema\/logo\/image\/","url":"https:\/\/www.les-archanges.fr\/wp-content\/uploads\/2024\/09\/cropped-logo-sans-fond-archange.png","contentUrl":"https:\/\/www.les-archanges.fr\/wp-content\/uploads\/2024\/09\/cropped-logo-sans-fond-archange.png","width":123,"height":92,"caption":"Les Archanges de Molsheim"},"image":{"@id":"https:\/\/www.les-archanges.fr\/#\/schema\/logo\/image\/"}}]}},"_links":{"self":[{"href":"https:\/\/www.les-archanges.fr\/index.php\/wp-json\/wp\/v2\/pages\/637","targetHints":{"allow":["GET"]}}],"collection":[{"href":"https:\/\/www.les-archanges.fr\/index.php\/wp-json\/wp\/v2\/pages"}],"about":[{"href":"https:\/\/www.les-archanges.fr\/index.php\/wp-json\/wp\/v2\/types\/page"}],"author":[{"embeddable":true,"href":"https:\/\/www.les-archanges.fr\/index.php\/wp-json\/wp\/v2\/users\/2"}],"replies":[{"embeddable":true,"href":"https:\/\/www.les-archanges.fr\/index.php\/wp-json\/wp\/v2\/comments?post=637"}],"version-history":[{"count":4,"href":"https:\/\/www.les-archanges.fr\/index.php\/wp-json\/wp\/v2\/pages\/637\/revisions"}],"predecessor-version":[{"id":817,"href":"https:\/\/www.les-archanges.fr\/index.php\/wp-json\/wp\/v2\/pages\/637\/revisions\/817"}],"wp:attachment":[{"href":"https:\/\/www.les-archanges.fr\/index.php\/wp-json\/wp\/v2\/media?parent=637"}],"curies":[{"name":"wp","href":"https:\/\/api.w.org\/{rel}","templated":true}]}}